{"id":961,"date":"2022-11-09T16:15:01","date_gmt":"2022-11-09T15:15:01","guid":{"rendered":"https:\/\/hybriddesktop.com\/imprint\/"},"modified":"2023-02-24T15:34:54","modified_gmt":"2023-02-24T14:34:54","slug":"imprint","status":"publish","type":"page","link":"https:\/\/hybriddesktop.com\/en\/imprint\/","title":{"rendered":"Imprint"},"content":{"rendered":"<p>[et_pb_section fb_built=&#8221;1&#8243; admin_label=&#8221;Header&#8221; _builder_version=&#8221;4.18.0&#8243; _module_preset=&#8221;default&#8221; use_background_color_gradient=&#8221;on&#8221; background_color_gradient_direction=&#8221;90deg&#8221; background_color_gradient_stops=&#8221;#ffffff 0%|rgba(255,255,255,0) 30%&#8221; background_color_gradient_overlays_image=&#8221;on&#8221; background_color_gradient_start=&#8221;#ffffff&#8221; background_color_gradient_start_position=&#8221;30%&#8221; background_color_gradient_end=&#8221;rgba(255,255,255,0)&#8221; background_color_gradient_end_position=&#8221;30%&#8221; background_image=&#8221;https:\/\/hybriddesktop.com\/wp-content\/uploads\/2023\/02\/Rangee_Kalenderhintergrund_2022.jpg&#8221; background_position=&#8221;bottom_right&#8221; custom_padding=&#8221;40px||0px||false|false&#8221; locked=&#8221;off&#8221; global_colors_info=&#8221;{}&#8221;][et_pb_row column_structure=&#8221;2_3,1_3&#8243; use_custom_gutter=&#8221;on&#8221; gutter_width=&#8221;1&#8243; _builder_version=&#8221;4.18.0&#8243; _module_preset=&#8221;default&#8221; custom_margin=&#8221;||||false|false&#8221; custom_padding=&#8221;||0px||false|false&#8221; global_colors_info=&#8221;{}&#8221;][et_pb_column type=&#8221;2_3&#8243; _builder_version=&#8221;4.18.0&#8243; _module_preset=&#8221;default&#8221; background_color=&#8221;#575755&#8243; custom_padding=&#8221;60px|60px|60px||true|false&#8221; custom_padding_tablet=&#8221;40px|40px|40px||true|false&#8221; custom_padding_phone=&#8221;20px|20px|20px|20px|true|true&#8221; custom_padding_last_edited=&#8221;on|phone&#8221; box_shadow_style=&#8221;preset4&#8243; box_shadow_horizontal=&#8221;-355px&#8221; box_shadow_vertical=&#8221;-1px&#8221; box_shadow_color=&#8221;#575755&#8243; global_colors_info=&#8221;{}&#8221;][et_pb_text _builder_version=&#8221;4.18.0&#8243; _module_preset=&#8221;e598b17a-9229-42f6-b238-019d6094332e&#8221; header_font=&#8221;|600||||on|||&#8221; header_text_color=&#8221;#FFFFFF&#8221; header_font_size=&#8221;72px&#8221; header_line_height=&#8221;1.1em&#8221; custom_margin=&#8221;||0px||false|false&#8221; header_font_size_tablet=&#8221;40px&#8221; header_font_size_phone=&#8221;24px&#8221; header_font_size_last_edited=&#8221;on|phone&#8221; locked=&#8221;off&#8221; global_colors_info=&#8221;{}&#8221;]<\/p>\n<h1>Imprint<br \/><strong><\/strong><\/h1>\n<p>[\/et_pb_text][et_pb_divider color=&#8221;rgba(255,255,255,0.3)&#8221; divider_weight=&#8221;10px&#8221; _builder_version=&#8221;4.16&#8243; _module_preset=&#8221;a9fcc5b1-74c5-43b4-b776-3e310da5f3e8&#8243; z_index=&#8221;10&#8243; max_width=&#8221;260px&#8221; height=&#8221;10px&#8221; custom_margin=&#8221;-32px||30px||false|false&#8221; custom_margin_tablet=&#8221;-27px||||false|false&#8221; custom_margin_phone=&#8221;-18px||||false|false&#8221; custom_margin_last_edited=&#8221;on|phone&#8221; global_colors_info=&#8221;{}&#8221;][\/et_pb_divider][\/et_pb_column][et_pb_column type=&#8221;1_3&#8243; _builder_version=&#8221;4.16&#8243; _module_preset=&#8221;default&#8221; global_colors_info=&#8221;{}&#8221;][\/et_pb_column][\/et_pb_row][\/et_pb_section][et_pb_section fb_built=&#8221;1&#8243; admin_label=&#8221;Contact Form&#8221; _builder_version=&#8221;4.18.0&#8243; _module_preset=&#8221;default&#8221; background_color=&#8221;#FFFFFF&#8221; custom_padding=&#8221;0px||0px||false|false&#8221; saved_tabs=&#8221;all&#8221; locked=&#8221;off&#8221; global_colors_info=&#8221;{}&#8221;][et_pb_row _builder_version=&#8221;4.18.0&#8243; _module_preset=&#8221;default&#8221; global_colors_info=&#8221;{}&#8221;][et_pb_column type=&#8221;4_4&#8243; _builder_version=&#8221;4.18.0&#8243; _module_preset=&#8221;default&#8221; global_colors_info=&#8221;{}&#8221;][et_pb_text _builder_version=&#8221;4.18.0&#8243; _module_preset=&#8221;default&#8221; global_colors_info=&#8221;{}&#8221;]<\/p>\n<h1><strong>Rangee GmbH<\/strong><\/h1>\n<p>Gut-D\u00e4mme-Str. 11<br \/>52070 Aachen<br \/>Fon.: +49 241 997285-0<br \/>Fax: +49 241 997285-9<\/p>\n<p>E-Mail: <a href=\"mailto:info@hybriddesktop.com\">info@hybriddesktop.com<\/a><br \/>Internet: <a href=\"http:\/\/www.hybriddesktop.com\">www.hybriddesktop.com<\/a><\/p>\n<h3>Managing directors authorized to represent the company:<\/h3>\n<p>Ulrich Mertz<br \/>Daniel B\u00f6ker<br \/>Thomas Brejza<br \/>Ren\u00e9 V\u00f6geli<br \/>Tobias Wintrich<\/p>\n<p>Register court: Local court Aachen<br \/>Register number: HRB 8310<\/p>\n<p>VAT identification number according to \u00a7 27a VAT-law: DE813894638<\/p>\n<p>Responsible for content according to \u00a7 10 III MDStV: Ulrich Mertz, address as above<\/p>\n<p>Registration number at the Foundation for electrical waste Register (<a href=\"http:\/\/stiftung-ear.de\">http:\/\/stiftung-ear.de<\/a>): DE74313353<\/p>\n<h3>Disclaimer &amp; Copyright<\/h3>\n<h3>Notice of liability:<\/h3>\n<p>Despite careful control of the content, we assume no liability for the content of external links. The operators of the linked pages are solely responsible for their content.<\/p>\n<h3>Links to other websites and services:<\/h3>\n<p>The regional court Hamburg decided with judgement of 12.05.1998 that if necessary an author also has to take responsibility for contents of the linked sides. For all links to external sites applies:<br \/>The publishers expressly declare that at the time of linking, the linked pages were free of illegal content. The publishers have no influence on the current or future design and content of the linked pages. Therefore, the publishers hereby expressly distance themselves from all contents of all linked pages that were changed after the link was set.<\/p>\n<h3>Copyright:<\/h3>\n<p>We strive to observe the copyrights of the graphics, sound documents, video sequences and texts used in all publications, to use graphics, sound documents, video sequences and texts created by ourselves or to use license-free graphics, sound documents, video sequences and texts. All brands and trademarks mentioned within the internet and possibly protected by third parties are subject without limitation to the provisions of the applicable trademark law and the ownership rights of the copyright owner. The mention of a trademark does not imply that it is not protected by the rights of third parties. The design and layout of our pages are subject to our copyright worldwide &#8211; insofar as this does not infringe the rights of third parties. The use, reproduction or distribution of individual contents or pages requires our written consent.<\/p>\n<h3>Legal validity of this disclaimer:<\/h3>\n<p>This disclaimer is to be regarded as part of the internet publication which you were referred from. If sections or individual terms of this statement are not legal or correct, the content or validity of the other parts remain uninfluenced by this fact.<\/p>\n<h3>Validity of German law:<\/h3>\n<p>Our Internet presence is exclusively subject to the laws of the Federal Republic of Germany.<\/p>\n<p>[\/et_pb_text][\/et_pb_column][\/et_pb_row][\/et_pb_section]<\/p>\n","protected":false},"excerpt":{"rendered":"<p>ImprintRangee GmbH Gut-D\u00e4mme-Str. 1152070 AachenFon.: +49 241 997285-0Fax: +49 241 997285-9 E-Mail: info@hybriddesktop.comInternet: www.hybriddesktop.com Managing directors authorized to represent the company: Ulrich MertzDaniel B\u00f6kerThomas BrejzaRen\u00e9 V\u00f6geliTobias Wintrich Register court: Local court AachenRegister number: HRB 8310 VAT identification number according to \u00a7 27a VAT-law: DE813894638 Responsible for content according to \u00a7 10 III MDStV: Ulrich Mertz, [&hellip;]<\/p>\n","protected":false},"author":5,"featured_media":0,"parent":0,"menu_order":0,"comment_status":"closed","ping_status":"closed","template":"","meta":{"_et_pb_use_builder":"on","_et_pb_old_content":"","_et_gb_content_width":"","footnotes":""},"class_list":["post-961","page","type-page","status-publish","hentry"],"_links":{"self":[{"href":"https:\/\/hybriddesktop.com\/en\/wp-json\/wp\/v2\/pages\/961","targetHints":{"allow":["GET"]}}],"collection":[{"href":"https:\/\/hybriddesktop.com\/en\/wp-json\/wp\/v2\/pages"}],"about":[{"href":"https:\/\/hybriddesktop.com\/en\/wp-json\/wp\/v2\/types\/page"}],"author":[{"embeddable":true,"href":"https:\/\/hybriddesktop.com\/en\/wp-json\/wp\/v2\/users\/5"}],"replies":[{"embeddable":true,"href":"https:\/\/hybriddesktop.com\/en\/wp-json\/wp\/v2\/comments?post=961"}],"version-history":[{"count":2,"href":"https:\/\/hybriddesktop.com\/en\/wp-json\/wp\/v2\/pages\/961\/revisions"}],"predecessor-version":[{"id":963,"href":"https:\/\/hybriddesktop.com\/en\/wp-json\/wp\/v2\/pages\/961\/revisions\/963"}],"wp:attachment":[{"href":"https:\/\/hybriddesktop.com\/en\/wp-json\/wp\/v2\/media?parent=961"}],"curies":[{"name":"wp","href":"https:\/\/api.w.org\/{rel}","templated":true}]}}